{"id":335,"date":"2025-07-02T13:50:01","date_gmt":"2025-07-02T11:50:01","guid":{"rendered":"https:\/\/erp.loucreezart.fr\/web\/?page_id=335"},"modified":"2026-01-10T16:42:01","modified_gmt":"2026-01-10T15:42:01","slug":"nous-rejoindre-2","status":"publish","type":"page","link":"https:\/\/loucreezart.fr\/web\/index.php\/nous-rejoindre-2\/","title":{"rendered":"Nous rejoindre"},"content":{"rendered":"<div data-colibri-id=\"335-c1\" class=\"style-504 style-local-335-c1 position-relative\">\n  <!---->\n  <div data-colibri-component=\"section\" data-colibri-id=\"335-c2\" id=\"about\" class=\"h-section h-section-global-spacing d-flex align-items-lg-center align-items-md-center align-items-center style-520 style-local-335-c2 position-relative\">\n    <!---->\n    <!---->\n    <div class=\"h-section-grid-container h-section-boxed-container\">\n      <!---->\n      <div data-colibri-id=\"335-c3\" class=\"h-row-container gutters-row-lg-2 gutters-row-md-2 gutters-row-2 gutters-row-v-lg-2 gutters-row-v-md-2 gutters-row-v-2 style-521 style-local-335-c3 position-relative\">\n        <!---->\n        <div class=\"h-row justify-content-lg-center justify-content-md-center justify-content-center align-items-lg-stretch align-items-md-stretch align-items-stretch gutters-col-lg-2 gutters-col-md-2 gutters-col-2 gutters-col-v-lg-2 gutters-col-v-md-2 gutters-col-v-2\">\n          <!---->\n          <div class=\"h-column h-column-container d-flex h-col-lg-auto h-col-md-auto h-col-auto style-522-outer style-local-335-c4-outer\">\n            <div data-colibri-id=\"335-c4\" class=\"d-flex h-flex-basis h-column__inner h-px-lg-2 h-px-md-2 h-px-2 v-inner-lg-2 v-inner-md-2 v-inner-2 style-522 style-local-335-c4 position-relative\">\n              <!---->\n              <!---->\n              <div class=\"w-100 h-y-container h-column__content h-column__v-align flex-basis-100 align-self-lg-center align-self-md-center align-self-center\">\n                <!---->\n                <div data-colibri-id=\"335-c5\" class=\"h-global-transition-all h-heading style-524 style-local-335-c5 position-relative h-element\">\n                  <!---->\n                  <div class=\"h-heading__outer style-524 style-local-335-c5\">\n                    <!---->\n                    <!---->\n                    <h2 class=\"\">Performances et \u00e9v\u00e8nements vari\u00e9s<\/h2>\n                  <\/div>\n                <\/div>\n                <div data-colibri-id=\"335-c6\" class=\"h-text h-text-component style-525 style-local-335-c6 position-relative h-element\">\n                  <!---->\n                  <!---->\n                  <div class=\"\">\n                    <p>Le Crouz&rsquo;Art collabore r\u00e9guli\u00e8rement avec des artistes et collectifs pour proposer :<\/p>\n                    <ul>\n                      <li><strong>Concerts spontan\u00e9s ou programm\u00e9s<\/strong><\/li>\n                      <li><strong>Performances et formes artistiques<\/strong><\/li>\n                      <li><strong>R\u00e9sidences publiques et sorties de cr\u00e9ation<\/strong><\/li>\n                      <li><strong>Rencontres avec les artistes<\/strong>\n                        <br>Ces \u00e9v\u00e9nements renforcent le lien entre cr\u00e9ation et public, dans un esprit convivial et participatif.&nbsp;\n                        <a href=\"https:\/\/www.facebook.com\/Loucreezart\/posts\/parlons-un-peu-du-crouzart-kezaco-le-crouzart-cest-le-lieu-situ%C3%A9-5-le-crouzet-%C3%A0-\/122168784110155770?utm_source=chatgpt.com\"\n                          rel=\"noreferrer noopener\" target=\"_blank\" style=\"color: rgb(3, 169, 244); font-size: 1em; font-weight: 400; font-family: &quot;Open Sans&quot;;\" class=\"customize-unpreviewable\">Facebook<\/a>\n                      <\/li>\n                    <\/ul>\n                    <h2><strong>Comment suivre la programmation ?<\/strong><\/h2>\n                    <p>\ud83d\udcc5&nbsp;<strong>La programmation \u00e9volue tout au long de l\u2019ann\u00e9e.<\/strong>\n                      <br>Retrouve l\u2019agenda complet et les d\u00e9tails pratiques des \u00e9v\u00e9nements \u00e0 venir sur notre page Facebook et Instagram :\n                      <br>\ud83d\udc49&nbsp;<em>Loucreezart \/ Le Crouz\u2019Art<\/em><\/p>\n                    <p>\n                      <br>\n                    <\/p>\n                  <\/div>\n                <\/div>\n              <\/div>\n            <\/div>\n          <\/div>\n          <div class=\"h-column h-column-container d-flex h-col-lg-auto h-col-md-auto h-col-auto style-528-outer style-local-335-c7-outer\">\n            <div data-colibri-id=\"335-c7\" class=\"d-flex h-flex-basis h-column__inner h-px-lg-2 h-px-md-2 h-px-2 v-inner-lg-2 v-inner-md-2 v-inner-2 style-528 style-local-335-c7 position-relative\">\n              <!---->\n              <!---->\n              <div class=\"w-100 h-y-container h-column__content h-column__v-align flex-basis-100 align-self-lg-center align-self-md-center align-self-center\">\n                <!---->\n                <div data-colibri-id=\"335-c8\" class=\"d-block style-529 style-local-335-c8 position-relative h-element\">\n                  <!---->\n                  <div class=\"h-image__frame-container-outer\">\n                    <div class=\"h-image__frame-container\">\n                      <!---->\n                      <!---->\n                      <img loading=\"lazy\" decoding=\"async\" width=\"1080\" height=\"1080\" src=\"https:\/\/loucreezart.fr\/web\/wp-content\/uploads\/2026\/01\/cropped-473389946_122184567128155770_1114563111108545991_n.jpg\" class=\"wp-image-1103 style-529-image style-local-335-c8-image\" alt=\"\" srcset=\"https:\/\/loucreezart.fr\/web\/wp-content\/uploads\/2026\/01\/cropped-473389946_122184567128155770_1114563111108545991_n.jpg 1080w, https:\/\/loucreezart.fr\/web\/wp-content\/uploads\/2026\/01\/cropped-473389946_122184567128155770_1114563111108545991_n-300x300.jpg 300w, https:\/\/loucreezart.fr\/web\/wp-content\/uploads\/2026\/01\/cropped-473389946_122184567128155770_1114563111108545991_n-1024x1024.jpg 1024w, https:\/\/loucreezart.fr\/web\/wp-content\/uploads\/2026\/01\/cropped-473389946_122184567128155770_1114563111108545991_n-150x150.jpg 150w, https:\/\/loucreezart.fr\/web\/wp-content\/uploads\/2026\/01\/cropped-473389946_122184567128155770_1114563111108545991_n-768x768.jpg 768w\" sizes=\"auto, (max-width: 1080px) 100vw, 1080px\" \/>\n                      <div class=\"h-image__frame h-hide-sm style-529-frameImage style-local-335-c8-frameImage\"><\/div>\n                    <\/div>\n                  <\/div>\n                <\/div>\n              <\/div>\n            <\/div>\n          <\/div>\n        <\/div>\n      <\/div>\n    <\/div>\n  <\/div>\n  <div data-colibri-component=\"section\" data-colibri-id=\"335-c9\" id=\"about-2\" class=\"h-section h-section-global-spacing d-flex align-items-lg-center align-items-md-center align-items-center style-535 style-local-335-c9 position-relative\">\n    <!---->\n    <!---->\n    <div class=\"h-section-grid-container h-section-boxed-container\">\n      <!---->\n      <div data-colibri-id=\"335-c10\" class=\"h-row-container gutters-row-lg-0 gutters-row-md-0 gutters-row-0 gutters-row-v-lg-0 gutters-row-v-md-0 gutters-row-v-0 style-536 style-local-335-c10 position-relative\">\n        <!---->\n        <div class=\"h-row justify-content-lg-center justify-content-md-center justify-content-center align-items-lg-stretch align-items-md-stretch align-items-stretch gutters-col-lg-0 gutters-col-md-0 gutters-col-0 gutters-col-v-lg-0 gutters-col-v-md-0 gutters-col-v-0\">\n          <!---->\n          <div class=\"h-column h-column-container d-flex h-col-lg-auto h-col-md-auto h-col-auto style-537-outer style-local-335-c11-outer\">\n            <div data-colibri-id=\"335-c11\" class=\"d-flex h-flex-basis h-column__inner h-ui-empty-state-container h-px-lg-0 h-px-md-0 h-px-0 v-inner-lg-0 v-inner-md-0 v-inner-0 style-537 style-local-335-c11 position-relative\">\n              <!---->\n              <!---->\n              <div class=\"w-100 h-y-container h-column__content h-column__v-align flex-basis-100\">\n                <!---->\n              <\/div>\n            <\/div>\n          <\/div>\n          <div class=\"h-column h-column-container d-flex h-col-lg-auto h-col-md-auto h-col-auto style-538-outer style-local-335-c12-outer\">\n            <div data-colibri-id=\"335-c12\" class=\"d-flex h-flex-basis h-column__inner h-px-lg-2 h-px-md-2 h-px-2 v-inner-lg-2 v-inner-md-2 v-inner-2 style-538 style-local-335-c12 position-relative\">\n              <!---->\n              <!---->\n              <div class=\"w-100 h-y-container h-column__content h-column__v-align flex-basis-100 align-self-lg-start align-self-md-start align-self-start\">\n                <!---->\n                <div data-colibri-id=\"335-c13\" class=\"h-global-transition-all h-heading style-539 style-local-335-c13 position-relative h-element\">\n                  <!---->\n                  <div class=\"h-heading__outer style-539 style-local-335-c13\">\n                    <!---->\n                    <!---->\n                    <h5 class=\"\">Et si tu veux proposer un \u00e9v\u00e9nement ou une collaboration artistique, contacte-nous via le formulaire du site ou par email.\n                      <br>nous serons ravis d\u2019\u00e9changer sur ton projet.<\/h5>\n                  <\/div>\n                <\/div>\n              <\/div>\n            <\/div>\n          <\/div>\n        <\/div>\n      <\/div>\n    <\/div>\n  <\/div>\n  <div data-colibri-component=\"section\" data-colibri-id=\"335-c14\" id=\"about-3\" class=\"h-section h-section-global-spacing d-flex align-items-lg-center align-items-md-center align-items-center style-544 style-local-335-c14 position-relative\">\n    <!---->\n    <!---->\n    <div class=\"h-section-grid-container h-section-boxed-container\">\n      <div data-colibri-id=\"335-c18\" class=\"h-row-container gutters-row-lg-2 gutters-row-md-2 gutters-row-2 gutters-row-v-lg-2 gutters-row-v-md-2 gutters-row-v-2 style-549 style-local-335-c18 position-relative\">\n        <!---->\n        <div class=\"h-row justify-content-lg-center justify-content-md-center justify-content-center align-items-lg-stretch align-items-md-stretch align-items-stretch gutters-col-lg-2 gutters-col-md-2 gutters-col-2 gutters-col-v-lg-2 gutters-col-v-md-2 gutters-col-v-2\">\n          <!---->\n          <div class=\"h-column h-column-container d-flex h-col-lg-auto h-col-md-auto h-col-auto style-550-outer style-local-335-c19-outer\">\n            <div data-colibri-id=\"335-c19\" class=\"d-flex h-flex-basis h-column__inner h-px-lg-2 h-px-md-2 h-px-2 v-inner-lg-2 v-inner-md-2 v-inner-2 style-550 style-local-335-c19 position-relative\">\n              <!---->\n              <!---->\n              <div class=\"w-100 h-y-container h-column__content h-column__v-align flex-basis-100 align-self-lg-start align-self-md-start align-self-start\">\n                <!---->\n                <div data-colibri-id=\"335-c20\" class=\"h-lead h-text h-text-component style-553 style-local-335-c20 position-relative h-element\">\n                  <!---->\n                  <!---->\n                  <div class=\"\">\n                    <div class=\"forminator-ui forminator-custom-form forminator-custom-form-505 forminator-design--bold  forminator_ajax\" data-forminator-render=\"0\" data-form=\"forminator-module-505\" data-uid=\"69fdcf5431214\"><br\/><\/div><form\n\t\t\t\tid=\"forminator-module-505\"\n\t\t\t\tclass=\"forminator-ui forminator-custom-form forminator-custom-form-505 forminator-design--bold  forminator_ajax\"\n\t\t\t\tmethod=\"post\"\n\t\t\t\tdata-forminator-render=\"0\"\n\t\t\t\tdata-form-id=\"505\"\n\t\t\t\t data-color-option=\"theme\" data-design=\"bold\" data-grid=\"open\" style=\"display: none;\"\n\t\t\t\tdata-uid=\"69fdcf5431214\"\n\t\t\t><div role=\"alert\" aria-live=\"polite\" class=\"forminator-response-message forminator-error\" aria-hidden=\"true\"><\/div><div class=\"forminator-row\"><div id=\"checkbox-1\" class=\"forminator-field-checkbox forminator-col forminator-col-12 \"><div role=\"group\" class=\"forminator-field\" aria-labelledby=\"forminator-checkbox-group-forminator-field-checkbox-1-69fdcf5431214-label\"><span id=\"forminator-checkbox-group-forminator-field-checkbox-1-69fdcf5431214-label\" class=\"forminator-label\">Que ce qui t&#039;int\u00e8rese ?<\/span><span id=\"forminator-field-checkbox-1-69fdcf5431214-description\" class=\"forminator-description\">Pluisieurs choix possibles<\/span><label id=\"forminator-field-checkbox-1-1-69fdcf5431214-label\" for=\"forminator-field-checkbox-1-1-69fdcf5431214\" class=\"forminator-checkbox\" title=\"Evenementielle\"><input type=\"checkbox\" name=\"checkbox-1[]\" value=\"service-1\" id=\"forminator-field-checkbox-1-1-69fdcf5431214\" aria-labelledby=\"forminator-field-checkbox-1-1-69fdcf5431214-label\" data-calculation=\"0\"   aria-describedby=\"forminator-field-checkbox-1-69fdcf5431214-description\"\/><span class=\"forminator-checkbox-box\" aria-hidden=\"true\"><\/span><span class=\"forminator-checkbox-label\">Evenementielle<\/span><\/label><label id=\"forminator-field-checkbox-1-2-69fdcf5431214-label\" for=\"forminator-field-checkbox-1-2-69fdcf5431214\" class=\"forminator-checkbox\" title=\"Communication\"><input type=\"checkbox\" name=\"checkbox-1[]\" value=\"service-2\" id=\"forminator-field-checkbox-1-2-69fdcf5431214\" aria-labelledby=\"forminator-field-checkbox-1-2-69fdcf5431214-label\" data-calculation=\"0\"   aria-describedby=\"forminator-field-checkbox-1-69fdcf5431214-description\"\/><span class=\"forminator-checkbox-box\" aria-hidden=\"true\"><\/span><span class=\"forminator-checkbox-label\">Communication<\/span><\/label><label id=\"forminator-field-checkbox-1-3-69fdcf5431214-label\" for=\"forminator-field-checkbox-1-3-69fdcf5431214\" class=\"forminator-checkbox\" title=\"Gestion du lieux\"><input type=\"checkbox\" name=\"checkbox-1[]\" value=\"Gestion-du-lieux\" id=\"forminator-field-checkbox-1-3-69fdcf5431214\" aria-labelledby=\"forminator-field-checkbox-1-3-69fdcf5431214-label\" data-calculation=\"0\"   aria-describedby=\"forminator-field-checkbox-1-69fdcf5431214-description\"\/><span class=\"forminator-checkbox-box\" aria-hidden=\"true\"><\/span><span class=\"forminator-checkbox-label\">Gestion du lieux<\/span><\/label><label id=\"forminator-field-checkbox-1-4-69fdcf5431214-label\" for=\"forminator-field-checkbox-1-4-69fdcf5431214\" class=\"forminator-checkbox\" title=\"Chantier participatifs\"><input type=\"checkbox\" name=\"checkbox-1[]\" value=\"Chantier-participatifs\" id=\"forminator-field-checkbox-1-4-69fdcf5431214\" aria-labelledby=\"forminator-field-checkbox-1-4-69fdcf5431214-label\" data-calculation=\"0\"   aria-describedby=\"forminator-field-checkbox-1-69fdcf5431214-description\"\/><span class=\"forminator-checkbox-box\" aria-hidden=\"true\"><\/span><span class=\"forminator-checkbox-label\">Chantier participatifs<\/span><\/label><\/div><\/div><\/div><div class=\"forminator-row\"><div id=\"textarea-1\" class=\"forminator-field-textarea forminator-col forminator-col-12 \"><div class=\"forminator-field\"><label for=\"forminator-field-textarea-1_69fdcf5431214\" id=\"forminator-field-textarea-1_69fdcf5431214-label\" class=\"forminator-label\">Notes compl\u00e9mentaires<\/label><span id=\"forminator-field-textarea-1_69fdcf5431214-description\" class=\"forminator-description\"><span data-limit=\"180\" data-type=\"characters\" data-editor=\"\">0 \/ 180<\/span><\/span><textarea name=\"textarea-1\" placeholder=\"\" id=\"forminator-field-textarea-1_69fdcf5431214\" class=\"forminator-textarea\" rows=\"6\" style=\"min-height:140px;\" maxlength=\"180\" ><\/textarea><\/div><\/div><\/div><div class=\"forminator-row\"><div id=\"name-1\" class=\"forminator-field-name forminator-col forminator-col-12 \"><div class=\"forminator-row forminator-no-margin\" data-multiple=\"true\"><div class=\"forminator-col forminator-col-md-6\"><div class=\"forminator-field\"><label for=\"forminator-field-first-name-1_69fdcf5431214\" id=\"forminator-field-first-name-1_69fdcf5431214-label\" class=\"forminator-label\">Pr\u00e9nom <span class=\"forminator-required\">*<\/span><\/label><input type=\"text\" name=\"name-1-first-name\" placeholder=\"\" id=\"forminator-field-first-name-1_69fdcf5431214\" class=\"forminator-input\" aria-required=\"true\" data-multi=\"1\" autocomplete=\"given-name\" value=\"\" \/><\/div><\/div><div class=\"forminator-col forminator-col-md-6\"><div class=\"forminator-field\"><label for=\"forminator-field-last-name-1_69fdcf5431214\" id=\"forminator-field-last-name-1_69fdcf5431214-label\" class=\"forminator-label\">Nom de famille <span class=\"forminator-required\">*<\/span><\/label><input type=\"text\" name=\"name-1-last-name\" placeholder=\"\" id=\"forminator-field-last-name-1_69fdcf5431214\" class=\"forminator-input\" aria-required=\"true\" data-multi=\"1\" autocomplete=\"family-name\" value=\"\" \/><\/div><\/div><\/div><\/div><\/div><div class=\"forminator-row\"><div id=\"email-1\" class=\"forminator-field-email forminator-col forminator-col-12 \"><div class=\"forminator-field\"><label for=\"forminator-field-email-1_69fdcf5431214\" id=\"forminator-field-email-1_69fdcf5431214-label\" class=\"forminator-label\">Adresse de messagerie <span class=\"forminator-required\">*<\/span><\/label><input type=\"email\" name=\"email-1\" value=\"\" placeholder=\"\" id=\"forminator-field-email-1_69fdcf5431214\" class=\"forminator-input forminator-email--field\" data-required=\"true\" aria-required=\"true\" autocomplete=\"email\" \/><\/div><\/div><\/div><div class=\"forminator-row\"><div id=\"phone-1\" class=\"forminator-field-phone forminator-col forminator-col-12 \"><div class=\"forminator-field\"><label for=\"forminator-field-phone-1_69fdcf5431214\" id=\"forminator-field-phone-1_69fdcf5431214-label\" class=\"forminator-label\">Num\u00e9ro de t\u00e9l\u00e9phone <span class=\"forminator-required\">*<\/span><\/label><input type=\"text\" name=\"phone-1\" value=\"\" placeholder=\"\" id=\"forminator-field-phone-1_69fdcf5431214\" class=\"forminator-input forminator-field--phone\" data-required=\"1\" aria-required=\"true\" autocomplete=\"off\" data-validation=\"1\" \/><\/div><\/div><\/div><input type=\"hidden\" name=\"referer_url\" value=\"\" \/><div class=\"forminator-row forminator-row-last\"><div class=\"forminator-col\"><div class=\"forminator-field\"><button class=\"forminator-button forminator-button-submit\">Envoyer<\/button><\/div><\/div><\/div><input type=\"hidden\" id=\"forminator_nonce\" name=\"forminator_nonce\" value=\"64a1f4d892\" \/><input type=\"hidden\" name=\"_wp_http_referer\" value=\"\/web\/index.php\/wp-json\/wp\/v2\/pages\/335\" \/><input type=\"hidden\" name=\"form_id\" value=\"505\"><input type=\"hidden\" name=\"page_id\" value=\"335\"><input type=\"hidden\" name=\"form_type\" value=\"default\"><input type=\"hidden\" name=\"current_url\" value=\"https:\/\/loucreezart.fr\/web\/index.php\/nous-rejoindre-2\/\"><input type=\"hidden\" name=\"render_id\" value=\"0\"><input type=\"hidden\" name=\"action\" value=\"forminator_submit_form_custom-forms\"><\/form>\n                  <\/div>\n                <\/div>\n              <\/div>\n            <\/div>\n          <\/div>\n        <\/div>\n      <\/div>\n      <div data-colibri-id=\"335-c15\" class=\"h-row-container gutters-row-lg-0 gutters-row-md-0 gutters-row-0 gutters-row-v-lg-0 gutters-row-v-md-0 gutters-row-v-0 style-545 style-local-335-c15 h-overflow-hidden position-relative\">\n        <!---->\n        <div class=\"h-row justify-content-lg-center justify-content-md-center justify-content-center align-items-lg-end align-items-md-end align-items-end gutters-col-lg-0 gutters-col-md-0 gutters-col-0 gutters-col-v-lg-0 gutters-col-v-md-0 gutters-col-v-0\">\n          <!---->\n          <div class=\"h-column h-column-container d-flex h-col-lg-6 h-col-md-6 h-col-4 align-self-lg-end align-self-md-end align-self-end style-546-outer style-local-335-c16-outer\">\n            <div data-colibri-id=\"335-c16\" class=\"d-flex h-flex-basis h-column__inner h-ui-empty-state-container h-px-lg-0 h-px-md-0 h-px-0 v-inner-lg-0 v-inner-md-0 v-inner-0 style-546 style-local-335-c16 position-relative\">\n              <!---->\n              <!---->\n              <div class=\"w-100 h-y-container h-column__content h-column__v-align flex-basis-100\">\n                <!---->\n              <\/div>\n            <\/div>\n          <\/div>\n          <div class=\"h-column h-column-container d-flex h-col-lg-6 h-col-md-6 h-col-4 align-self-lg-end align-self-md-end align-self-end style-547-outer style-local-335-c17-outer\">\n            <div data-colibri-id=\"335-c17\" class=\"d-flex h-flex-basis h-column__inner h-ui-empty-state-container h-px-lg-0 h-px-md-0 h-px-0 v-inner-lg-0 v-inner-md-0 v-inner-0 style-547 style-local-335-c17 position-relative\">\n              <!---->\n              <!---->\n              <div class=\"w-100 h-y-container h-column__content h-column__v-align flex-basis-100\">\n                <!---->\n              <\/div>\n            <\/div>\n          <\/div>\n        <\/div>\n      <\/div>\n    <\/div>\n  <\/div>\n<\/div>","protected":false},"excerpt":{"rendered":"<p>Performances et \u00e9v\u00e8nements vari\u00e9s Le Crouz&rsquo;Art collabore r\u00e9guli\u00e8rement avec des artistes et collectifs pour proposer : Concerts spontan\u00e9s ou programm\u00e9s Performances et formes artistiques R\u00e9sidences publiques et sorties de cr\u00e9ation Rencontres avec les artistes Ces \u00e9v\u00e9nements renforcent le lien entre cr\u00e9ation et public, dans un esprit convivial et participatif.&nbsp; Facebook Comment suivre la programmation ? [&hellip;]<\/p>\n","protected":false},"author":1,"featured_media":0,"parent":0,"menu_order":0,"comment_status":"closed","ping_status":"closed","template":"page-templates\/full-width-page.php","meta":{"_sitemap_exclude":false,"_sitemap_priority":"","_sitemap_frequency":"","footnotes":""},"class_list":["post-335","page","type-page","status-publish","hentry"],"jetpack_sharing_enabled":true,"_links":{"self":[{"href":"https:\/\/loucreezart.fr\/web\/index.php\/wp-json\/wp\/v2\/pages\/335","targetHints":{"allow":["GET"]}}],"collection":[{"href":"https:\/\/loucreezart.fr\/web\/index.php\/wp-json\/wp\/v2\/pages"}],"about":[{"href":"https:\/\/loucreezart.fr\/web\/index.php\/wp-json\/wp\/v2\/types\/page"}],"author":[{"embeddable":true,"href":"https:\/\/loucreezart.fr\/web\/index.php\/wp-json\/wp\/v2\/users\/1"}],"replies":[{"embeddable":true,"href":"https:\/\/loucreezart.fr\/web\/index.php\/wp-json\/wp\/v2\/comments?post=335"}],"version-history":[{"count":13,"href":"https:\/\/loucreezart.fr\/web\/index.php\/wp-json\/wp\/v2\/pages\/335\/revisions"}],"predecessor-version":[{"id":1360,"href":"https:\/\/loucreezart.fr\/web\/index.php\/wp-json\/wp\/v2\/pages\/335\/revisions\/1360"}],"wp:attachment":[{"href":"https:\/\/loucreezart.fr\/web\/index.php\/wp-json\/wp\/v2\/media?parent=335"}],"curies":[{"name":"wp","href":"https:\/\/api.w.org\/{rel}","templated":true}]}}